{"id":876,"date":"2024-09-10T15:56:37","date_gmt":"2024-09-10T12:56:37","guid":{"rendered":"https:\/\/melbet-pickem.lat\/politica-de-privacidade\/"},"modified":"2024-10-11T17:06:27","modified_gmt":"2024-10-11T14:06:27","slug":"privacy-policy","status":"publish","type":"page","link":"https:\/\/melbet-pickem.lat\/pt\/privacy-policy\/","title":{"rendered":"Pol\u00edtica de Privacidade"},"content":{"rendered":"\r\n<p>Esta Pol\u00edtica de Privacidade descreve as formas pelas quais a MelBet (doravante &#8220;n\u00f3s&#8221;) utiliza as informa\u00e7\u00f5es e dados que voc\u00ea nos fornece para nos ajudar a gerenciar seu relacionamento com a MelBet. Processaremos qualquer informa\u00e7\u00e3o pessoal fornecida a n\u00f3s por meio do site MelBet (doravante o &#8220;Site&#8221;) ou por qualquer outro meio, de acordo com o procedimento estabelecido nesta Pol\u00edtica de Privacidade. Ao nos enviar suas informa\u00e7\u00f5es por meio do Site, voc\u00ea confirma seu consentimento para o uso de suas informa\u00e7\u00f5es pessoais conforme descrito nesta Pol\u00edtica de Privacidade. Se voc\u00ea n\u00e3o concorda com os termos desta Pol\u00edtica de Privacidade, por favor, n\u00e3o use o Site nem nos forne\u00e7a suas informa\u00e7\u00f5es pessoais.<\/p>\r\n\r\n\r\n\r\n<h2 class=\"wp-block-heading heading-4\">Informa\u00e7\u00f5es coletadas e seu uso<\/h2>\r\n\r\n\r\n\r\n<p class=\"heading-5\"><strong>As informa\u00e7\u00f5es e dados sobre voc\u00ea que podemos coletar, usar e processar incluem o seguinte:<\/strong><\/p>\r\n\r\n\r\n\r\n<ol class=\"wp-block-list\">\r\n<li>Informa\u00e7\u00f5es que voc\u00ea nos fornece ao preencher formul\u00e1rios no Site ou qualquer outra informa\u00e7\u00e3o que voc\u00ea nos envie por meio do Site ou por e-mail.<\/li>\r\n\r\n\r\n\r\n<li>Registros de correspond\u00eancia, seja por meio do Site, e-mail, telefone ou outros meios.<\/li>\r\n\r\n\r\n\r\n<li>Detalhes das transa\u00e7\u00f5es que voc\u00ea realiza conosco, seja por meio do Site, telefone ou outros meios.<\/li>\r\n\r\n\r\n\r\n<li>Detalhes de suas visitas ao Site, incluindo dados de tr\u00e1fego, dados de localiza\u00e7\u00e3o, seu nome de usu\u00e1rio e outros dados de comunica\u00e7\u00e3o.<\/li>\r\n<\/ol>\r\n\r\n\r\n\r\n<p class=\"heading-5\"><strong>Podemos usar suas informa\u00e7\u00f5es pessoais e dados junto com outras informa\u00e7\u00f5es para os seguintes prop\u00f3sitos:<\/strong><\/p>\r\n\r\n\r\n\r\n<ol class=\"wp-block-list\">\r\n<li>Processar suas apostas, incluindo pagamentos com cart\u00e3o e online.<\/li>\r\n\r\n\r\n\r\n<li>Configurar e gerenciar sua conta.<\/li>\r\n\r\n\r\n\r\n<li>Cumprir com nossas obriga\u00e7\u00f5es legais e regulat\u00f3rias.<\/li>\r\n\r\n\r\n\r\n<li>Realizar an\u00e1lises de clientes.<\/li>\r\n\r\n\r\n\r\n<li>Fornecer informa\u00e7\u00f5es sobre ofertas promocionais e nossos produtos e servi\u00e7os, quando voc\u00ea tiver consentido.<\/li>\r\n\r\n\r\n\r\n<li>Monitorar transa\u00e7\u00f5es com o objetivo de prevenir fraudes, apostas irregulares e lavagem de dinheiro.<\/li>\r\n<\/ol>\r\n\r\n\r\n\r\n<p>Voc\u00ea pode sempre se desinscrever de qualquer newsletter que n\u00e3o seja \u00fatil para voc\u00ea.<\/p>\r\n\r\n\r\n\r\n<h2 class=\"wp-block-heading heading-4\">Divulga\u00e7\u00f5es<\/h2>\r\n\r\n\r\n\r\n<p>Temos o direito de compartilhar as informa\u00e7\u00f5es que temos sobre voc\u00ea, incluindo dados pessoais e hist\u00f3rico de apostas, com entidades esportivas e outras organiza\u00e7\u00f5es, incluindo a pol\u00edcia, para investigar casos de fraude e lavagem de dinheiro.<\/p>\r\n\r\n\r\n\r\n<h2 class=\"wp-block-heading heading-4\">Seguran\u00e7a<\/h2>\r\n\r\n\r\n\r\n<p>Tomamos todas as medidas razo\u00e1veis conforme exigido por lei para garantir que as informa\u00e7\u00f5es pessoais que coletamos sejam registradas com precis\u00e3o e armazenadas com seguran\u00e7a. Todas as informa\u00e7\u00f5es pessoais s\u00e3o destru\u00eddas quando n\u00e3o s\u00e3o mais necess\u00e1rias ou de acordo com a lei. A MelBet utiliza a mais recente tecnologia de criptografia Secure Socket Layer (SSL) de 128 bits e tecnologia de firewall para garantir que dados sens\u00edveis sejam transferidos com seguran\u00e7a pela internet para nossos servidores protegidos. N\u00e3o garantimos a seguran\u00e7a de qualquer informa\u00e7\u00e3o transmitida para n\u00f3s via internet. Qualquer informa\u00e7\u00e3o que voc\u00ea nos transmitir \u00e9 feita por sua conta e risco. No entanto, uma vez que recebemos informa\u00e7\u00f5es suas, tomaremos todas as medidas razo\u00e1veis para proteger suas informa\u00e7\u00f5es pessoais contra uso indevido, perda ou acesso n\u00e3o autorizado.<\/p>\r\n\r\n\r\n\r\n<h2 class=\"wp-block-heading heading-4\">Mudan\u00e7as em nossa pol\u00edtica de privacidade<\/h2>\r\n\r\n\r\n\r\n<p>Quaisquer altera\u00e7\u00f5es que possamos fazer em nossa Pol\u00edtica de Privacidade no futuro ser\u00e3o publicadas nesta p\u00e1gina, e tais mudan\u00e7as se tornar\u00e3o efetivas assim que a Pol\u00edtica de Privacidade revisada for publicada.<\/p>\r\n","protected":false},"excerpt":{"rendered":"<p>Esta Pol\u00edtica de Privacidade descreve as formas pelas quais a MelBet (doravante &#8220;n\u00f3s&#8221;) utiliza as informa\u00e7\u00f5es e dados que voc\u00ea nos fornece para nos ajudar a gerenciar seu relacionamento com a MelBet. Processaremos qualquer informa\u00e7\u00e3o pessoal fornecida a n\u00f3s por meio do site MelBet (doravante o &#8220;Site&#8221;) ou por qualquer outro meio, de acordo com [&hellip;]<\/p>\n","protected":false},"author":1,"featured_media":0,"parent":0,"menu_order":0,"comment_status":"closed","ping_status":"closed","template":"templates\/privacy-policy-page.php","meta":{"_acf_changed":false,"inline_featured_image":false,"footnotes":""},"class_list":["post-876","page","type-page","status-publish","hentry"],"acf":[],"yoast_head":"<!-- This site is optimized with the Yoast SEO plugin v23.3 - https:\/\/yoast.com\/wordpress\/plugins\/seo\/ -->\n<title>Pol\u00edtica de Privacidade - MelBet Pick&#039;em<\/title>\n<meta name=\"description\" content=\"Leia a nossa pol\u00edtica de privacidade para saber como recolhemos, utilizamos e protegemos as suas informa\u00e7\u00f5es\" \/>\n<meta name=\"robots\" content=\"index, follow, max-snippet:-1, max-image-preview:large, max-video-preview:-1\" \/>\n<link rel=\"canonical\" href=\"https:\/\/melbet-pickem.lat\/pt\/privacy-policy\/\" \/>\n<meta property=\"og:locale\" content=\"pt_PT\" \/>\n<meta property=\"og:type\" content=\"article\" \/>\n<meta property=\"og:title\" content=\"Pol\u00edtica de Privacidade - MelBet Pick&#039;em\" \/>\n<meta property=\"og:description\" content=\"Leia a nossa pol\u00edtica de privacidade para saber como recolhemos, utilizamos e protegemos as suas informa\u00e7\u00f5es\" \/>\n<meta property=\"og:url\" content=\"https:\/\/melbet-pickem.lat\/pt\/privacy-policy\/\" \/>\n<meta property=\"og:site_name\" content=\"MelBet Pick&#039;em\" \/>\n<meta property=\"article:modified_time\" content=\"2024-10-11T14:06:27+00:00\" \/>\n<meta name=\"twitter:card\" content=\"summary_large_image\" \/>\n<meta name=\"twitter:label1\" content=\"Est. reading time\" \/>\n\t<meta name=\"twitter:data1\" content=\"3 minutes\" \/>\n<script type=\"application\/ld+json\" class=\"yoast-schema-graph\">{\"@context\":\"https:\/\/schema.org\",\"@graph\":[{\"@type\":\"WebPage\",\"@id\":\"https:\/\/melbet-pickem.lat\/pt\/privacy-policy\/\",\"url\":\"https:\/\/melbet-pickem.lat\/pt\/privacy-policy\/\",\"name\":\"Pol\u00edtica de Privacidade - MelBet Pick&#039;em\",\"isPartOf\":{\"@id\":\"https:\/\/melbet-pickem.lat\/pt\/#website\"},\"datePublished\":\"2024-09-10T12:56:37+00:00\",\"dateModified\":\"2024-10-11T14:06:27+00:00\",\"description\":\"Leia a nossa pol\u00edtica de privacidade para saber como recolhemos, utilizamos e protegemos as suas informa\u00e7\u00f5es\",\"breadcrumb\":{\"@id\":\"https:\/\/melbet-pickem.lat\/pt\/privacy-policy\/#breadcrumb\"},\"inLanguage\":\"pt\",\"potentialAction\":[{\"@type\":\"ReadAction\",\"target\":[\"https:\/\/melbet-pickem.lat\/pt\/privacy-policy\/\"]}]},{\"@type\":\"BreadcrumbList\",\"@id\":\"https:\/\/melbet-pickem.lat\/pt\/privacy-policy\/#breadcrumb\",\"itemListElement\":[{\"@type\":\"ListItem\",\"position\":1,\"name\":\"Home\",\"item\":\"https:\/\/melbet-pickem.lat\/pt\/pickem-pt\/\"},{\"@type\":\"ListItem\",\"position\":2,\"name\":\"Pol\u00edtica de Privacidade\"}]},{\"@type\":\"WebSite\",\"@id\":\"https:\/\/melbet-pickem.lat\/pt\/#website\",\"url\":\"https:\/\/melbet-pickem.lat\/pt\/\",\"name\":\"melbet-pickem.lat\",\"description\":\"\",\"potentialAction\":[{\"@type\":\"SearchAction\",\"target\":{\"@type\":\"EntryPoint\",\"urlTemplate\":\"https:\/\/melbet-pickem.lat\/pt\/?s={search_term_string}\"},\"query-input\":\"required name=search_term_string\"}],\"inLanguage\":\"pt\"}]}<\/script>\n<!-- \/ Yoast SEO plugin. -->","yoast_head_json":{"title":"Pol\u00edtica de Privacidade - MelBet Pick&#039;em","description":"Leia a nossa pol\u00edtica de privacidade para saber como recolhemos, utilizamos e protegemos as suas informa\u00e7\u00f5es","robots":{"index":"index","follow":"follow","max-snippet":"max-snippet:-1","max-image-preview":"max-image-preview:large","max-video-preview":"max-video-preview:-1"},"canonical":"https:\/\/melbet-pickem.lat\/pt\/privacy-policy\/","og_locale":"pt_PT","og_type":"article","og_title":"Pol\u00edtica de Privacidade - MelBet Pick&#039;em","og_description":"Leia a nossa pol\u00edtica de privacidade para saber como recolhemos, utilizamos e protegemos as suas informa\u00e7\u00f5es","og_url":"https:\/\/melbet-pickem.lat\/pt\/privacy-policy\/","og_site_name":"MelBet Pick&#039;em","article_modified_time":"2024-10-11T14:06:27+00:00","twitter_card":"summary_large_image","twitter_misc":{"Est. reading time":"3 minutes"},"schema":{"@context":"https:\/\/schema.org","@graph":[{"@type":"WebPage","@id":"https:\/\/melbet-pickem.lat\/pt\/privacy-policy\/","url":"https:\/\/melbet-pickem.lat\/pt\/privacy-policy\/","name":"Pol\u00edtica de Privacidade - MelBet Pick&#039;em","isPartOf":{"@id":"https:\/\/melbet-pickem.lat\/pt\/#website"},"datePublished":"2024-09-10T12:56:37+00:00","dateModified":"2024-10-11T14:06:27+00:00","description":"Leia a nossa pol\u00edtica de privacidade para saber como recolhemos, utilizamos e protegemos as suas informa\u00e7\u00f5es","breadcrumb":{"@id":"https:\/\/melbet-pickem.lat\/pt\/privacy-policy\/#breadcrumb"},"inLanguage":"pt","potentialAction":[{"@type":"ReadAction","target":["https:\/\/melbet-pickem.lat\/pt\/privacy-policy\/"]}]},{"@type":"BreadcrumbList","@id":"https:\/\/melbet-pickem.lat\/pt\/privacy-policy\/#breadcrumb","itemListElement":[{"@type":"ListItem","position":1,"name":"Home","item":"https:\/\/melbet-pickem.lat\/pt\/pickem-pt\/"},{"@type":"ListItem","position":2,"name":"Pol\u00edtica de Privacidade"}]},{"@type":"WebSite","@id":"https:\/\/melbet-pickem.lat\/pt\/#website","url":"https:\/\/melbet-pickem.lat\/pt\/","name":"melbet-pickem.lat","description":"","potentialAction":[{"@type":"SearchAction","target":{"@type":"EntryPoint","urlTemplate":"https:\/\/melbet-pickem.lat\/pt\/?s={search_term_string}"},"query-input":"required name=search_term_string"}],"inLanguage":"pt"}]}},"_links":{"self":[{"href":"https:\/\/melbet-pickem.lat\/pt\/wp-json\/wp\/v2\/pages\/876","targetHints":{"allow":["GET"]}}],"collection":[{"href":"https:\/\/melbet-pickem.lat\/pt\/wp-json\/wp\/v2\/pages"}],"about":[{"href":"https:\/\/melbet-pickem.lat\/pt\/wp-json\/wp\/v2\/types\/page"}],"author":[{"embeddable":true,"href":"https:\/\/melbet-pickem.lat\/pt\/wp-json\/wp\/v2\/users\/1"}],"replies":[{"embeddable":true,"href":"https:\/\/melbet-pickem.lat\/pt\/wp-json\/wp\/v2\/comments?post=876"}],"version-history":[{"count":2,"href":"https:\/\/melbet-pickem.lat\/pt\/wp-json\/wp\/v2\/pages\/876\/revisions"}],"predecessor-version":[{"id":1049,"href":"https:\/\/melbet-pickem.lat\/pt\/wp-json\/wp\/v2\/pages\/876\/revisions\/1049"}],"wp:attachment":[{"href":"https:\/\/melbet-pickem.lat\/pt\/wp-json\/wp\/v2\/media?parent=876"}],"curies":[{"name":"wp","href":"https:\/\/api.w.org\/{rel}","templated":true}]}}