{"id":717,"date":"2024-08-30T12:56:30","date_gmt":"2024-08-30T09:56:30","guid":{"rendered":"https:\/\/melbet-pickem.lat\/cs2\/"},"modified":"2024-10-11T16:42:20","modified_gmt":"2024-10-11T13:42:20","slug":"cs-2","status":"publish","type":"page","link":"https:\/\/melbet-pickem.lat\/pt\/cs-2\/","title":{"rendered":"CS2"},"content":{"rendered":"","protected":false},"excerpt":{"rendered":"","protected":false},"author":1,"featured_media":0,"parent":0,"menu_order":0,"comment_status":"closed","ping_status":"closed","template":"templates\/cs2-fp.php","meta":{"_acf_changed":false,"inline_featured_image":false,"footnotes":""},"class_list":["post-717","page","type-page","status-publish","hentry"],"acf":[],"yoast_head":"<!-- This site is optimized with the Yoast SEO plugin v23.3 - https:\/\/yoast.com\/wordpress\/plugins\/seo\/ -->\n<title>CS2 - MelBet Pick&#039;em<\/title>\n<meta name=\"description\" content=\"Participe do MelBet Pick&#039;em para CS2, onde voc\u00ea prev\u00ea os resultados dos jogos, ganha pontos e recebe pr\u00eamios. Compita nos rankings e mostre suas habilidades no Counter-Strike 2!\" \/>\n<meta name=\"robots\" content=\"index, follow, max-snippet:-1, max-image-preview:large, max-video-preview:-1\" \/>\n<link rel=\"canonical\" href=\"https:\/\/melbet-pickem.lat\/pt\/cs-2\/\" \/>\n<meta property=\"og:locale\" content=\"pt_PT\" \/>\n<meta property=\"og:type\" content=\"article\" \/>\n<meta property=\"og:title\" content=\"CS2 - MelBet Pick&#039;em\" \/>\n<meta property=\"og:description\" content=\"Participe do MelBet Pick&#039;em para CS2, onde voc\u00ea prev\u00ea os resultados dos jogos, ganha pontos e recebe pr\u00eamios. Compita nos rankings e mostre suas habilidades no Counter-Strike 2!\" \/>\n<meta property=\"og:url\" content=\"https:\/\/melbet-pickem.lat\/pt\/cs-2\/\" \/>\n<meta property=\"og:site_name\" content=\"MelBet Pick&#039;em\" \/>\n<meta property=\"article:modified_time\" content=\"2024-10-11T13:42:20+00:00\" \/>\n<meta name=\"twitter:card\" content=\"summary_large_image\" \/>\n<script type=\"application\/ld+json\" class=\"yoast-schema-graph\">{\"@context\":\"https:\/\/schema.org\",\"@graph\":[{\"@type\":\"WebPage\",\"@id\":\"https:\/\/melbet-pickem.lat\/pt\/cs-2\/\",\"url\":\"https:\/\/melbet-pickem.lat\/pt\/cs-2\/\",\"name\":\"CS2 - MelBet Pick&#039;em\",\"isPartOf\":{\"@id\":\"https:\/\/melbet-pickem.lat\/pt\/#website\"},\"datePublished\":\"2024-08-30T09:56:30+00:00\",\"dateModified\":\"2024-10-11T13:42:20+00:00\",\"description\":\"Participe do MelBet Pick'em para CS2, onde voc\u00ea prev\u00ea os resultados dos jogos, ganha pontos e recebe pr\u00eamios. Compita nos rankings e mostre suas habilidades no Counter-Strike 2!\",\"breadcrumb\":{\"@id\":\"https:\/\/melbet-pickem.lat\/pt\/cs-2\/#breadcrumb\"},\"inLanguage\":\"pt\",\"potentialAction\":[{\"@type\":\"ReadAction\",\"target\":[\"https:\/\/melbet-pickem.lat\/pt\/cs-2\/\"]}]},{\"@type\":\"BreadcrumbList\",\"@id\":\"https:\/\/melbet-pickem.lat\/pt\/cs-2\/#breadcrumb\",\"itemListElement\":[{\"@type\":\"ListItem\",\"position\":1,\"name\":\"Home\",\"item\":\"https:\/\/melbet-pickem.lat\/pt\/pickem-pt\/\"},{\"@type\":\"ListItem\",\"position\":2,\"name\":\"CS2\"}]},{\"@type\":\"WebSite\",\"@id\":\"https:\/\/melbet-pickem.lat\/pt\/#website\",\"url\":\"https:\/\/melbet-pickem.lat\/pt\/\",\"name\":\"melbet-pickem.lat\",\"description\":\"\",\"potentialAction\":[{\"@type\":\"SearchAction\",\"target\":{\"@type\":\"EntryPoint\",\"urlTemplate\":\"https:\/\/melbet-pickem.lat\/pt\/?s={search_term_string}\"},\"query-input\":\"required name=search_term_string\"}],\"inLanguage\":\"pt\"}]}<\/script>\n<!-- \/ Yoast SEO plugin. -->","yoast_head_json":{"title":"CS2 - MelBet Pick&#039;em","description":"Participe do MelBet Pick'em para CS2, onde voc\u00ea prev\u00ea os resultados dos jogos, ganha pontos e recebe pr\u00eamios. Compita nos rankings e mostre suas habilidades no Counter-Strike 2!","robots":{"index":"index","follow":"follow","max-snippet":"max-snippet:-1","max-image-preview":"max-image-preview:large","max-video-preview":"max-video-preview:-1"},"canonical":"https:\/\/melbet-pickem.lat\/pt\/cs-2\/","og_locale":"pt_PT","og_type":"article","og_title":"CS2 - MelBet Pick&#039;em","og_description":"Participe do MelBet Pick'em para CS2, onde voc\u00ea prev\u00ea os resultados dos jogos, ganha pontos e recebe pr\u00eamios. Compita nos rankings e mostre suas habilidades no Counter-Strike 2!","og_url":"https:\/\/melbet-pickem.lat\/pt\/cs-2\/","og_site_name":"MelBet Pick&#039;em","article_modified_time":"2024-10-11T13:42:20+00:00","twitter_card":"summary_large_image","schema":{"@context":"https:\/\/schema.org","@graph":[{"@type":"WebPage","@id":"https:\/\/melbet-pickem.lat\/pt\/cs-2\/","url":"https:\/\/melbet-pickem.lat\/pt\/cs-2\/","name":"CS2 - MelBet Pick&#039;em","isPartOf":{"@id":"https:\/\/melbet-pickem.lat\/pt\/#website"},"datePublished":"2024-08-30T09:56:30+00:00","dateModified":"2024-10-11T13:42:20+00:00","description":"Participe do MelBet Pick'em para CS2, onde voc\u00ea prev\u00ea os resultados dos jogos, ganha pontos e recebe pr\u00eamios. Compita nos rankings e mostre suas habilidades no Counter-Strike 2!","breadcrumb":{"@id":"https:\/\/melbet-pickem.lat\/pt\/cs-2\/#breadcrumb"},"inLanguage":"pt","potentialAction":[{"@type":"ReadAction","target":["https:\/\/melbet-pickem.lat\/pt\/cs-2\/"]}]},{"@type":"BreadcrumbList","@id":"https:\/\/melbet-pickem.lat\/pt\/cs-2\/#breadcrumb","itemListElement":[{"@type":"ListItem","position":1,"name":"Home","item":"https:\/\/melbet-pickem.lat\/pt\/pickem-pt\/"},{"@type":"ListItem","position":2,"name":"CS2"}]},{"@type":"WebSite","@id":"https:\/\/melbet-pickem.lat\/pt\/#website","url":"https:\/\/melbet-pickem.lat\/pt\/","name":"melbet-pickem.lat","description":"","potentialAction":[{"@type":"SearchAction","target":{"@type":"EntryPoint","urlTemplate":"https:\/\/melbet-pickem.lat\/pt\/?s={search_term_string}"},"query-input":"required name=search_term_string"}],"inLanguage":"pt"}]}},"_links":{"self":[{"href":"https:\/\/melbet-pickem.lat\/pt\/wp-json\/wp\/v2\/pages\/717","targetHints":{"allow":["GET"]}}],"collection":[{"href":"https:\/\/melbet-pickem.lat\/pt\/wp-json\/wp\/v2\/pages"}],"about":[{"href":"https:\/\/melbet-pickem.lat\/pt\/wp-json\/wp\/v2\/types\/page"}],"author":[{"embeddable":true,"href":"https:\/\/melbet-pickem.lat\/pt\/wp-json\/wp\/v2\/users\/1"}],"replies":[{"embeddable":true,"href":"https:\/\/melbet-pickem.lat\/pt\/wp-json\/wp\/v2\/comments?post=717"}],"version-history":[{"count":1,"href":"https:\/\/melbet-pickem.lat\/pt\/wp-json\/wp\/v2\/pages\/717\/revisions"}],"predecessor-version":[{"id":720,"href":"https:\/\/melbet-pickem.lat\/pt\/wp-json\/wp\/v2\/pages\/717\/revisions\/720"}],"wp:attachment":[{"href":"https:\/\/melbet-pickem.lat\/pt\/wp-json\/wp\/v2\/media?parent=717"}],"curies":[{"name":"wp","href":"https:\/\/api.w.org\/{rel}","templated":true}]}}