{"id":708,"date":"2024-08-29T20:21:11","date_gmt":"2024-08-29T17:21:11","guid":{"rendered":"https:\/\/melbet-pickem.lat\/main-pt\/"},"modified":"2024-10-01T22:38:24","modified_gmt":"2024-10-01T19:38:24","slug":"pickem-pt","status":"publish","type":"page","link":"https:\/\/melbet-pickem.lat\/pt\/","title":{"rendered":"Main PT"},"content":{"rendered":"","protected":false},"excerpt":{"rendered":"","protected":false},"author":1,"featured_media":0,"parent":0,"menu_order":0,"comment_status":"closed","ping_status":"closed","template":"templates\/main-fp.php","meta":{"_acf_changed":false,"inline_featured_image":false,"footnotes":""},"class_list":["post-708","page","type-page","status-publish","hentry"],"acf":[],"yoast_head":"<!-- This site is optimized with the Yoast SEO plugin v23.3 - https:\/\/yoast.com\/wordpress\/plugins\/seo\/ -->\n<title>Melbet Pick&#039;em - escolhe o teu vencedor || Brasil, Peru, M\u00e9xico, Chile<\/title>\n<meta name=\"description\" content=\"Melbet pick&#039;em: faz uma previs\u00e3o do resultado dos jogos e participa em sorteios com um pr\u00e9mio.\" \/>\n<meta name=\"robots\" content=\"index, follow, max-snippet:-1, max-image-preview:large, max-video-preview:-1\" \/>\n<link rel=\"canonical\" href=\"https:\/\/melbet-pickem.lat\/pt\/\" \/>\n<meta property=\"og:locale\" content=\"pt_PT\" \/>\n<meta property=\"og:type\" content=\"article\" \/>\n<meta property=\"og:title\" content=\"Melbet Pick&#039;em - escolhe o teu vencedor || Brasil, Peru, M\u00e9xico, Chile\" \/>\n<meta property=\"og:description\" content=\"Melbet pick&#039;em: faz uma previs\u00e3o do resultado dos jogos e participa em sorteios com um pr\u00e9mio.\" \/>\n<meta property=\"og:url\" content=\"https:\/\/melbet-pickem.lat\/pt\/\" \/>\n<meta property=\"og:site_name\" content=\"MelBet Pick&#039;em\" \/>\n<meta property=\"article:modified_time\" content=\"2024-10-01T19:38:24+00:00\" \/>\n<meta name=\"twitter:card\" content=\"summary_large_image\" \/>\n<script type=\"application\/ld+json\" class=\"yoast-schema-graph\">{\"@context\":\"https:\/\/schema.org\",\"@graph\":[{\"@type\":\"WebPage\",\"@id\":\"https:\/\/melbet-pickem.lat\/pt\/\",\"url\":\"https:\/\/melbet-pickem.lat\/pt\/\",\"name\":\"Melbet Pick'em - escolhe o teu vencedor || Brasil, Peru, M\u00e9xico, Chile\",\"isPartOf\":{\"@id\":\"https:\/\/melbet-pickem.lat\/pt\/#website\"},\"datePublished\":\"2024-08-29T17:21:11+00:00\",\"dateModified\":\"2024-10-01T19:38:24+00:00\",\"description\":\"Melbet pick'em: faz uma previs\u00e3o do resultado dos jogos e participa em sorteios com um pr\u00e9mio.\",\"breadcrumb\":{\"@id\":\"https:\/\/melbet-pickem.lat\/pt\/#breadcrumb\"},\"inLanguage\":\"pt\",\"potentialAction\":[{\"@type\":\"ReadAction\",\"target\":[\"https:\/\/melbet-pickem.lat\/pt\/\"]}]},{\"@type\":\"BreadcrumbList\",\"@id\":\"https:\/\/melbet-pickem.lat\/pt\/#breadcrumb\",\"itemListElement\":[{\"@type\":\"ListItem\",\"position\":1,\"name\":\"Home\",\"item\":\"https:\/\/melbet-pickem.lat\/pt\/pickem-pt\/\"},{\"@type\":\"ListItem\",\"position\":2,\"name\":\"Main PT\"}]},{\"@type\":\"WebSite\",\"@id\":\"https:\/\/melbet-pickem.lat\/pt\/#website\",\"url\":\"https:\/\/melbet-pickem.lat\/pt\/\",\"name\":\"melbet-pickem.lat\",\"description\":\"\",\"potentialAction\":[{\"@type\":\"SearchAction\",\"target\":{\"@type\":\"EntryPoint\",\"urlTemplate\":\"https:\/\/melbet-pickem.lat\/pt\/?s={search_term_string}\"},\"query-input\":\"required name=search_term_string\"}],\"inLanguage\":\"pt\"}]}<\/script>\n<!-- \/ Yoast SEO plugin. -->","yoast_head_json":{"title":"Melbet Pick'em - escolhe o teu vencedor || Brasil, Peru, M\u00e9xico, Chile","description":"Melbet pick'em: faz uma previs\u00e3o do resultado dos jogos e participa em sorteios com um pr\u00e9mio.","robots":{"index":"index","follow":"follow","max-snippet":"max-snippet:-1","max-image-preview":"max-image-preview:large","max-video-preview":"max-video-preview:-1"},"canonical":"https:\/\/melbet-pickem.lat\/pt\/","og_locale":"pt_PT","og_type":"article","og_title":"Melbet Pick'em - escolhe o teu vencedor || Brasil, Peru, M\u00e9xico, Chile","og_description":"Melbet pick'em: faz uma previs\u00e3o do resultado dos jogos e participa em sorteios com um pr\u00e9mio.","og_url":"https:\/\/melbet-pickem.lat\/pt\/","og_site_name":"MelBet Pick&#039;em","article_modified_time":"2024-10-01T19:38:24+00:00","twitter_card":"summary_large_image","schema":{"@context":"https:\/\/schema.org","@graph":[{"@type":"WebPage","@id":"https:\/\/melbet-pickem.lat\/pt\/","url":"https:\/\/melbet-pickem.lat\/pt\/","name":"Melbet Pick'em - escolhe o teu vencedor || Brasil, Peru, M\u00e9xico, Chile","isPartOf":{"@id":"https:\/\/melbet-pickem.lat\/pt\/#website"},"datePublished":"2024-08-29T17:21:11+00:00","dateModified":"2024-10-01T19:38:24+00:00","description":"Melbet pick'em: faz uma previs\u00e3o do resultado dos jogos e participa em sorteios com um pr\u00e9mio.","breadcrumb":{"@id":"https:\/\/melbet-pickem.lat\/pt\/#breadcrumb"},"inLanguage":"pt","potentialAction":[{"@type":"ReadAction","target":["https:\/\/melbet-pickem.lat\/pt\/"]}]},{"@type":"BreadcrumbList","@id":"https:\/\/melbet-pickem.lat\/pt\/#breadcrumb","itemListElement":[{"@type":"ListItem","position":1,"name":"Home","item":"https:\/\/melbet-pickem.lat\/pt\/pickem-pt\/"},{"@type":"ListItem","position":2,"name":"Main PT"}]},{"@type":"WebSite","@id":"https:\/\/melbet-pickem.lat\/pt\/#website","url":"https:\/\/melbet-pickem.lat\/pt\/","name":"melbet-pickem.lat","description":"","potentialAction":[{"@type":"SearchAction","target":{"@type":"EntryPoint","urlTemplate":"https:\/\/melbet-pickem.lat\/pt\/?s={search_term_string}"},"query-input":"required name=search_term_string"}],"inLanguage":"pt"}]}},"_links":{"self":[{"href":"https:\/\/melbet-pickem.lat\/pt\/wp-json\/wp\/v2\/pages\/708","targetHints":{"allow":["GET"]}}],"collection":[{"href":"https:\/\/melbet-pickem.lat\/pt\/wp-json\/wp\/v2\/pages"}],"about":[{"href":"https:\/\/melbet-pickem.lat\/pt\/wp-json\/wp\/v2\/types\/page"}],"author":[{"embeddable":true,"href":"https:\/\/melbet-pickem.lat\/pt\/wp-json\/wp\/v2\/users\/1"}],"replies":[{"embeddable":true,"href":"https:\/\/melbet-pickem.lat\/pt\/wp-json\/wp\/v2\/comments?post=708"}],"version-history":[{"count":2,"href":"https:\/\/melbet-pickem.lat\/pt\/wp-json\/wp\/v2\/pages\/708\/revisions"}],"predecessor-version":[{"id":1000,"href":"https:\/\/melbet-pickem.lat\/pt\/wp-json\/wp\/v2\/pages\/708\/revisions\/1000"}],"wp:attachment":[{"href":"https:\/\/melbet-pickem.lat\/pt\/wp-json\/wp\/v2\/media?parent=708"}],"curies":[{"name":"wp","href":"https:\/\/api.w.org\/{rel}","templated":true}]}}