{"id":878,"date":"2024-09-10T15:56:37","date_gmt":"2024-09-10T12:56:37","guid":{"rendered":"https:\/\/melbet-pickem.lat\/politica-de-privacidad\/"},"modified":"2024-10-11T17:06:08","modified_gmt":"2024-10-11T14:06:08","slug":"privacy-policy","status":"publish","type":"page","link":"https:\/\/melbet-pickem.lat\/es\/privacy-policy\/","title":{"rendered":"Pol\u00edtica de privacidad"},"content":{"rendered":"\r\n<p>Esta Pol\u00edtica de Privacidad describe las formas en que MelBet (en adelante \u00abnosotros\u00bb o \u00abnos\u00bb) utiliza la informaci\u00f3n y los datos que usted nos proporciona para ayudarnos a gestionar su relaci\u00f3n con MelBet. Procesaremos cualquier informaci\u00f3n personal que se nos proporcione a trav\u00e9s de la p\u00e1gina web de MelBet (en adelante, la \u00abP\u00e1gina Web\u00bb) o por cualquier otro medio de acuerdo con el procedimiento establecido en esta Pol\u00edtica de Privacidad. Al enviarnos su informaci\u00f3n a trav\u00e9s del Sitio Web, usted confirma su consentimiento para el uso de su informaci\u00f3n personal seg\u00fan lo establecido en esta Pol\u00edtica de Privacidad. Si no est\u00e1 de acuerdo con los t\u00e9rminos de la presente Pol\u00edtica de Privacidad, le rogamos que no utilice el Sitio Web ni nos facilite de ning\u00fan otro modo su informaci\u00f3n personal.<\/p>\r\n\r\n\r\n\r\n<h2 class=\"wp-block-heading heading-4\">Informaci\u00f3n recopilada y su uso<\/h2>\r\n\r\n\r\n\r\n<p class=\"heading-5\"><strong>La informaci\u00f3n y los datos sobre usted que podemos recopilar, utilizar y procesar incluyen lo siguiente:<\/strong><\/p>\r\n\r\n\r\n\r\n<ol class=\"wp-block-list\">\r\n<li>La informaci\u00f3n que nos facilite rellenando los formularios del Sitio Web o cualquier otra informaci\u00f3n que nos env\u00ede a trav\u00e9s del Sitio Web o por correo electr\u00f3nico.<\/li>\r\n\r\n\r\n\r\n<li>Registros de correspondencia, ya sea a trav\u00e9s del sitio web, correo electr\u00f3nico, tel\u00e9fono u otros medios.<\/li>\r\n\r\n\r\n\r\n<li>Datos de las transacciones que realice con nosotros, ya sea a trav\u00e9s del sitio web, por tel\u00e9fono o por otros medios.<\/li>\r\n\r\n\r\n\r\n<li>Detalles de sus visitas al sitio web, incluidos datos de tr\u00e1fico, datos de localizaci\u00f3n, su nombre de usuario y otros datos de comunicaci\u00f3n.<\/li>\r\n<\/ol>\r\n\r\n\r\n\r\n<p class=\"heading-5\"><strong>Podemos utilizar su informaci\u00f3n y datos personales junto con otra informaci\u00f3n con los siguientes fines<\/strong><\/p>\r\n\r\n\r\n\r\n<ol class=\"wp-block-list\">\r\n<li>Procesar sus apuestas, junto con los pagos con tarjeta y en l\u00ednea.<\/li>\r\n\r\n\r\n\r\n<li>Configurar y gestionar su cuenta.<\/li>\r\n\r\n\r\n\r\n<li>Cumplir con nuestras obligaciones legales y reglamentarias.<\/li>\r\n\r\n\r\n\r\n<li>Realizar an\u00e1lisis de clientes.<\/li>\r\n\r\n\r\n\r\n<li>Proporcionarle informaci\u00f3n sobre ofertas promocionales y nuestros productos y servicios, siempre que haya dado su consentimiento.<\/li>\r\n\r\n\r\n\r\n<li>Supervisar las transacciones con fines de prevenci\u00f3n del fraude, las apuestas irregulares y el blanqueo de capitales.<\/li>\r\n<\/ol>\r\n\r\n\r\n\r\n<p>Siempre puede darse de baja de cualquier bolet\u00edn que no le resulte \u00fatil.<\/p>\r\n\r\n\r\n\r\n<h2 class=\"wp-block-heading heading-4\">Divulgaci\u00f3n de informaci\u00f3n<\/h2>\r\n\r\n\r\n\r\n<p>Tenemos derecho a compartir la informaci\u00f3n que tenemos sobre usted, incluidos los datos personales y el historial de apuestas, con organismos deportivos y de otro tipo, incluida la polic\u00eda, para investigar casos de fraude y blanqueo de dinero.<\/p>\r\n\r\n\r\n\r\n<h2 class=\"wp-block-heading heading-4\">Seguridad<\/h2>\r\n\r\n\r\n\r\n<p>Tomamos todas las medidas razonables exigidas por la ley para garantizar que la informaci\u00f3n personal que recopilamos se registra con precisi\u00f3n y se almacena de forma segura. Toda la informaci\u00f3n personal se destruye cuando ya no es necesaria o de acuerdo con la ley. MelBet utiliza la \u00faltima tecnolog\u00eda de encriptaci\u00f3n y cortafuegos Secure Socket Layer (SSL) de 128 bits para garantizar que los datos confidenciales se transfieren de forma segura a trav\u00e9s de Internet a nuestros servidores protegidos. No garantizamos la seguridad de ninguna informaci\u00f3n que se nos transmita a trav\u00e9s de Internet. Cualquier informaci\u00f3n que nos transmita lo har\u00e1 por su cuenta y riesgo. Sin embargo, una vez que recibamos informaci\u00f3n suya, tomaremos todas las medidas razonables para proteger su informaci\u00f3n personal contra el uso indebido, la p\u00e9rdida o el acceso no autorizado.<\/p>\r\n\r\n\r\n\r\n<h2 class=\"wp-block-heading heading-4\">Cambios en nuestra pol\u00edtica de privacidad<\/h2>\r\n\r\n\r\n\r\n<p>Cualquier cambio que podamos introducir en nuestra Pol\u00edtica de Privacidad en el futuro se publicar\u00e1 en esta p\u00e1gina y dichos cambios entrar\u00e1n en vigor tan pronto como se haya publicado la Pol\u00edtica de Privacidad revisada.<\/p>\r\n","protected":false},"excerpt":{"rendered":"<p>Esta Pol\u00edtica de Privacidad describe las formas en que MelBet (en adelante \u00abnosotros\u00bb o \u00abnos\u00bb) utiliza la informaci\u00f3n y los datos que usted nos proporciona para ayudarnos a gestionar su relaci\u00f3n con MelBet. Procesaremos cualquier informaci\u00f3n personal que se nos proporcione a trav\u00e9s de la p\u00e1gina web de MelBet (en adelante, la \u00abP\u00e1gina Web\u00bb) o [&hellip;]<\/p>\n","protected":false},"author":1,"featured_media":0,"parent":0,"menu_order":0,"comment_status":"closed","ping_status":"closed","template":"templates\/privacy-policy-page.php","meta":{"_acf_changed":false,"inline_featured_image":false,"footnotes":""},"class_list":["post-878","page","type-page","status-publish","hentry"],"acf":[],"yoast_head":"<!-- This site is optimized with the Yoast SEO plugin v23.3 - https:\/\/yoast.com\/wordpress\/plugins\/seo\/ -->\n<title>Pol\u00edtica de privacidad - MelBet Pick&#039;em<\/title>\n<meta name=\"description\" content=\"Lea nuestra pol\u00edtica de privacidad para saber c\u00f3mo recopilamos, utilizamos y protegemos su informaci\u00f3n.\" \/>\n<meta name=\"robots\" content=\"index, follow, max-snippet:-1, max-image-preview:large, max-video-preview:-1\" \/>\n<link rel=\"canonical\" href=\"https:\/\/melbet-pickem.lat\/es\/privacy-policy\/\" \/>\n<meta property=\"og:locale\" content=\"es_ES\" \/>\n<meta property=\"og:type\" content=\"article\" \/>\n<meta property=\"og:title\" content=\"Pol\u00edtica de privacidad - MelBet Pick&#039;em\" \/>\n<meta property=\"og:description\" content=\"Lea nuestra pol\u00edtica de privacidad para saber c\u00f3mo recopilamos, utilizamos y protegemos su informaci\u00f3n.\" \/>\n<meta property=\"og:url\" content=\"https:\/\/melbet-pickem.lat\/es\/privacy-policy\/\" \/>\n<meta property=\"og:site_name\" content=\"MelBet Pick&#039;em\" \/>\n<meta property=\"article:modified_time\" content=\"2024-10-11T14:06:08+00:00\" \/>\n<meta name=\"twitter:card\" content=\"summary_large_image\" \/>\n<meta name=\"twitter:label1\" content=\"Est. reading time\" \/>\n\t<meta name=\"twitter:data1\" content=\"3 minutes\" \/>\n<script type=\"application\/ld+json\" class=\"yoast-schema-graph\">{\"@context\":\"https:\/\/schema.org\",\"@graph\":[{\"@type\":\"WebPage\",\"@id\":\"https:\/\/melbet-pickem.lat\/es\/privacy-policy\/\",\"url\":\"https:\/\/melbet-pickem.lat\/es\/privacy-policy\/\",\"name\":\"Pol\u00edtica de privacidad - MelBet Pick&#039;em\",\"isPartOf\":{\"@id\":\"https:\/\/melbet-pickem.lat\/es\/#website\"},\"datePublished\":\"2024-09-10T12:56:37+00:00\",\"dateModified\":\"2024-10-11T14:06:08+00:00\",\"description\":\"Lea nuestra pol\u00edtica de privacidad para saber c\u00f3mo recopilamos, utilizamos y protegemos su informaci\u00f3n.\",\"breadcrumb\":{\"@id\":\"https:\/\/melbet-pickem.lat\/es\/privacy-policy\/#breadcrumb\"},\"inLanguage\":\"es\",\"potentialAction\":[{\"@type\":\"ReadAction\",\"target\":[\"https:\/\/melbet-pickem.lat\/es\/privacy-policy\/\"]}]},{\"@type\":\"BreadcrumbList\",\"@id\":\"https:\/\/melbet-pickem.lat\/es\/privacy-policy\/#breadcrumb\",\"itemListElement\":[{\"@type\":\"ListItem\",\"position\":1,\"name\":\"Home\",\"item\":\"https:\/\/melbet-pickem.lat\/es\/\"},{\"@type\":\"ListItem\",\"position\":2,\"name\":\"Pol\u00edtica de privacidad\"}]},{\"@type\":\"WebSite\",\"@id\":\"https:\/\/melbet-pickem.lat\/es\/#website\",\"url\":\"https:\/\/melbet-pickem.lat\/es\/\",\"name\":\"melbet-pickem.lat\",\"description\":\"\",\"potentialAction\":[{\"@type\":\"SearchAction\",\"target\":{\"@type\":\"EntryPoint\",\"urlTemplate\":\"https:\/\/melbet-pickem.lat\/es\/?s={search_term_string}\"},\"query-input\":\"required name=search_term_string\"}],\"inLanguage\":\"es\"}]}<\/script>\n<!-- \/ Yoast SEO plugin. -->","yoast_head_json":{"title":"Pol\u00edtica de privacidad - MelBet Pick&#039;em","description":"Lea nuestra pol\u00edtica de privacidad para saber c\u00f3mo recopilamos, utilizamos y protegemos su informaci\u00f3n.","robots":{"index":"index","follow":"follow","max-snippet":"max-snippet:-1","max-image-preview":"max-image-preview:large","max-video-preview":"max-video-preview:-1"},"canonical":"https:\/\/melbet-pickem.lat\/es\/privacy-policy\/","og_locale":"es_ES","og_type":"article","og_title":"Pol\u00edtica de privacidad - MelBet Pick&#039;em","og_description":"Lea nuestra pol\u00edtica de privacidad para saber c\u00f3mo recopilamos, utilizamos y protegemos su informaci\u00f3n.","og_url":"https:\/\/melbet-pickem.lat\/es\/privacy-policy\/","og_site_name":"MelBet Pick&#039;em","article_modified_time":"2024-10-11T14:06:08+00:00","twitter_card":"summary_large_image","twitter_misc":{"Est. reading time":"3 minutes"},"schema":{"@context":"https:\/\/schema.org","@graph":[{"@type":"WebPage","@id":"https:\/\/melbet-pickem.lat\/es\/privacy-policy\/","url":"https:\/\/melbet-pickem.lat\/es\/privacy-policy\/","name":"Pol\u00edtica de privacidad - MelBet Pick&#039;em","isPartOf":{"@id":"https:\/\/melbet-pickem.lat\/es\/#website"},"datePublished":"2024-09-10T12:56:37+00:00","dateModified":"2024-10-11T14:06:08+00:00","description":"Lea nuestra pol\u00edtica de privacidad para saber c\u00f3mo recopilamos, utilizamos y protegemos su informaci\u00f3n.","breadcrumb":{"@id":"https:\/\/melbet-pickem.lat\/es\/privacy-policy\/#breadcrumb"},"inLanguage":"es","potentialAction":[{"@type":"ReadAction","target":["https:\/\/melbet-pickem.lat\/es\/privacy-policy\/"]}]},{"@type":"BreadcrumbList","@id":"https:\/\/melbet-pickem.lat\/es\/privacy-policy\/#breadcrumb","itemListElement":[{"@type":"ListItem","position":1,"name":"Home","item":"https:\/\/melbet-pickem.lat\/es\/"},{"@type":"ListItem","position":2,"name":"Pol\u00edtica de privacidad"}]},{"@type":"WebSite","@id":"https:\/\/melbet-pickem.lat\/es\/#website","url":"https:\/\/melbet-pickem.lat\/es\/","name":"melbet-pickem.lat","description":"","potentialAction":[{"@type":"SearchAction","target":{"@type":"EntryPoint","urlTemplate":"https:\/\/melbet-pickem.lat\/es\/?s={search_term_string}"},"query-input":"required name=search_term_string"}],"inLanguage":"es"}]}},"_links":{"self":[{"href":"https:\/\/melbet-pickem.lat\/es\/wp-json\/wp\/v2\/pages\/878","targetHints":{"allow":["GET"]}}],"collection":[{"href":"https:\/\/melbet-pickem.lat\/es\/wp-json\/wp\/v2\/pages"}],"about":[{"href":"https:\/\/melbet-pickem.lat\/es\/wp-json\/wp\/v2\/types\/page"}],"author":[{"embeddable":true,"href":"https:\/\/melbet-pickem.lat\/es\/wp-json\/wp\/v2\/users\/1"}],"replies":[{"embeddable":true,"href":"https:\/\/melbet-pickem.lat\/es\/wp-json\/wp\/v2\/comments?post=878"}],"version-history":[{"count":4,"href":"https:\/\/melbet-pickem.lat\/es\/wp-json\/wp\/v2\/pages\/878\/revisions"}],"predecessor-version":[{"id":1048,"href":"https:\/\/melbet-pickem.lat\/es\/wp-json\/wp\/v2\/pages\/878\/revisions\/1048"}],"wp:attachment":[{"href":"https:\/\/melbet-pickem.lat\/es\/wp-json\/wp\/v2\/media?parent=878"}],"curies":[{"name":"wp","href":"https:\/\/api.w.org\/{rel}","templated":true}]}}