{"id":873,"date":"2024-08-29T20:25:06","date_gmt":"2024-08-29T17:25:06","guid":{"rendered":"https:\/\/melbet-pickem.lat\/condiciones-y-normas\/"},"modified":"2024-11-26T16:01:24","modified_gmt":"2024-11-26T14:01:24","slug":"conditions-and-rules","status":"publish","type":"page","link":"https:\/\/melbet-pickem.lat\/es\/conditions-and-rules\/","title":{"rendered":"Condiciones y normas"},"content":{"rendered":"\r\n<h2 class=\"wp-block-heading heading-4\">Para participar en nuestro PickEm segu\u00ed estos sencillos pasos:<\/h2>\r\n\r\n\r\n\r\n<ol class=\"wp-block-list\">\r\n<li><a href=\"https:\/\/melbet-pickem.lat\/go\/\">Registrate en MelBet<\/a> si a\u00fan no tenes cuenta.<\/li>\r\n\r\n\r\n\r\n<li>Hac\u00e9 clic en el bot\u00f3n Registrarse de este sitio e introduc\u00ed el ID de Melbet que recibiste en el paso 1.<\/li>\r\n\r\n\r\n\r\n<li>A\u00f1ad\u00ed tu n\u00famero de tel\u00e9fono a los detalles de la cuenta en melbet.com.<\/li>\r\n\r\n\r\n\r\n<li>Realiza apuestas simples pre-partido\/en vivo con cuotas de 1,4 o superiores en cualquier partido de esports*.<\/li>\r\n\r\n\r\n\r\n<li>Hac\u00e9 tu elecci\u00f3n en Pick`Em y conf\u00edrmala.<\/li>\r\n\r\n\r\n\r\n<li>Esper\u00e1 a que termine la fase de grupos para hacer pron\u00f3sticos para las eliminatorias.<\/li>\r\n<li>Cuando termine la fase de grupos, completa el PickEm para las eliminatorias y adivina el ganador del torneo.<\/li>\r\n<li>Esper\u00e1 al final del torneo y al sorteo de premios.<\/li>\r\n<\/ol>\r\n<p><span data-sheets-root=\"1\">*La apuesta m\u00ednima requerida para activar el Pick`Em es de 2 USD o importe en moneda local:<\/span><\/p>\r\n<ul>\r\n<li><span data-sheets-root=\"1\">2 USD = 15 BRL<\/span><\/li>\r\n<li><span data-sheets-root=\"1\">2 USD = 40 MXN<\/span><\/li>\r\n<li><span data-sheets-root=\"1\">2 USD = 1900 CLP<\/span><\/li>\r\n<li><span data-sheets-root=\"1\">2 USD = 8 PEN<\/span><\/li>\r\n<li><span data-sheets-root=\"1\">2 USD = 1900 ARS<\/span><\/li>\r\n<li><span data-sheets-root=\"1\">2 USD = 8200 COP<\/span><\/li>\r\n<li><span data-sheets-root=\"1\">2 USD = 75 VES<\/span><\/li>\r\n<\/ul>\r\n<p><span data-sheets-root=\"1\">Puedes realizar tu apuesta desde el 03\/12\/2024 (00:00 +3 UTC) hasta el 08\/12\/2024 (00:00 +3 UTC). Los jugadores que realicen su apuesta despu\u00e9s de este per\u00edodo no podr\u00e1n participar en Pick&#8217;Em.<\/span><\/p>\r\n<p><span data-sheets-root=\"1\">S\u00f3lo se incluyen en esta oferta de bono las apuestas saldadas.<\/span><\/p>\r\n<p><span data-sheets-root=\"1\">Esta oferta no se aplica a ninguna apuesta de h\u00e1ndicap o total, apuestas realizadas utilizando una cuenta de bonificaci\u00f3n o c\u00f3digos promocionales, apuestas canceladas o vendidas, apuestas anticipadas o reembolsadas.<\/span><\/p>\r\n<p><span data-sheets-root=\"1\">Esta actividad s\u00f3lo est\u00e1 disponible para Brasil, M\u00e9xico, Chile, Per\u00fa, Argentina, Colombia y Venezuela.<\/span><\/p>\r\n<p><span data-sheets-root=\"1\">No puedes tener m\u00e1s de 1 Melbet ID.<\/span><\/p>\r\n<p><strong>\u00bfC\u00f3mo elegir los equipos?<\/strong><\/p>\r\n<p><span data-sheets-root=\"1\">Antes de la Fase de Eliminaci\u00f3n, selecciona 8 equipos que crees que participar\u00e1n en los playoffs. Esta oportunidad estar\u00e1 disponible desde el 22.11.2024 hasta el 05.12.2024.<\/span><\/p>\r\n\r\n\r\n\r\n<p><span data-sheets-root=\"1\">S\u00f3lo ten\u00e9s que arrastrar los logotipos de los equipos a las casillas libres bajo el bloque de grupo y hacer clic en el bot\u00f3n confirmar.<\/span><\/p>\r\n\r\n\r\n\r\n<p><span data-sheets-root=\"1\">Record\u00e1 que 30 minutos antes del comienzo del partido se bloquea la posibilidad de enviar pron\u00f3sticos para la fase del torneo. Sigue las actualizaciones en nuestro grupo de Facebook, \u00a1y no llegues tarde con tus pron\u00f3sticos!<\/span><\/p>\r\n<p><span data-sheets-root=\"1\">\u00a1No tardes en hacer predicciones!<\/span><\/p>\r\n\r\n\r\n\r\n<div class=\"alert-box\">\r\n<p>\u00a1Atenci\u00f3n! Antes de pulsar el bot\u00f3n, aseg\u00farate de que todos los equipos seleccionados est\u00e1n en las casillas correctas.<\/p>\r\n<p>*Despu\u00e9s de la confirmaci\u00f3n, vas a ver un temporizador que te mostrar\u00e1 aproximadamente cu\u00e1ndo terminar\u00e1 la fase de grupos.<\/p>\r\n<\/div>\r\n\r\n\r\n<p><span data-sheets-root=\"1\">La fase de playoffs estar\u00e1 disponible despu\u00e9s del final de la fase de grupos el 08.12.2024 (00:00 +3 UTC). Puedes hacer tu elecci\u00f3n desde el 08.12.2024 (00:00 +3 UTC) hasta el 11.12.2024 (00:00 +3 UTC).<\/span><\/p>\n<p><span data-sheets-root=\"1\">Recuerda que 30 minutos antes de que comience el juego, se bloquear\u00e1 la posibilidad de enviar predicciones para la etapa del torneo. \u00a1No te retrases con tus predicciones!<\/span><\/p>\n<p><strong>C\u00f3mo recibir tu premio:<\/strong><\/p>\n<p><span data-sheets-root=\"1\">Los ganadores ser\u00e1n anunciados y contactados dentro de los 30 d\u00edas h\u00e1biles posteriores al final del torneo.<\/span><\/p>\n<p><span data-sheets-root=\"1\">La respuesta a tus preguntas podr\u00eda ser enviada en un plazo de 48 horas.<\/span><\/p>\n<p><span data-sheets-root=\"1\">Si un grupo de ganadores tiene la misma cantidad de puntos, los finalistas ser\u00e1n elegidos aleatoriamente dentro del grupo.<\/span><\/p>\n<a href='#' class='page-button button button--primary' data-popup-target='popup-signup'>Inscripci\u00f3n<\/a>\n","protected":false},"excerpt":{"rendered":"<p>Para participar en nuestro PickEm segu\u00ed estos sencillos pasos: S\u00f3lo ten\u00e9s que arrastrar los logotipos de los equipos a las casillas libres bajo el bloque de grupo y hacer clic en el bot\u00f3n confirmar. Record\u00e1 que 30 minutos antes del comienzo del partido se bloquea la posibilidad de enviar pron\u00f3sticos para la fase del torneo. [&hellip;]<\/p>\n","protected":false},"author":1,"featured_media":1027,"parent":0,"menu_order":0,"comment_status":"closed","ping_status":"closed","template":"templates\/rules-page.php","meta":{"_acf_changed":false,"inline_featured_image":false,"footnotes":""},"class_list":["post-873","page","type-page","status-publish","has-post-thumbnail","hentry"],"acf":[],"yoast_head":"<!-- This site is optimized with the Yoast SEO plugin v23.3 - https:\/\/yoast.com\/wordpress\/plugins\/seo\/ -->\n<title>Condiciones y normas - MelBet Pick&#039;em<\/title>\n<meta name=\"description\" content=\"Lee los t\u00e9rminos de uso para conocer las reglas y obligaciones relacionadas con tu acceso y uso de nuestro recurso.\" \/>\n<meta name=\"robots\" content=\"index, follow, max-snippet:-1, max-image-preview:large, max-video-preview:-1\" \/>\n<link rel=\"canonical\" href=\"https:\/\/melbet-pickem.lat\/es\/conditions-and-rules\/\" \/>\n<meta property=\"og:locale\" content=\"es_ES\" \/>\n<meta property=\"og:type\" content=\"article\" \/>\n<meta property=\"og:title\" content=\"Condiciones y normas - MelBet Pick&#039;em\" \/>\n<meta property=\"og:description\" content=\"Lee los t\u00e9rminos de uso para conocer las reglas y obligaciones relacionadas con tu acceso y uso de nuestro recurso.\" \/>\n<meta property=\"og:url\" content=\"https:\/\/melbet-pickem.lat\/es\/conditions-and-rules\/\" \/>\n<meta property=\"og:site_name\" content=\"MelBet Pick&#039;em\" \/>\n<meta property=\"article:modified_time\" content=\"2024-11-26T14:01:24+00:00\" \/>\n<meta property=\"og:image\" content=\"https:\/\/melbet-pickem.lat\/wp-content\/uploads\/2024\/10\/c-r.webp\" \/>\n\t<meta property=\"og:image:width\" content=\"1440\" \/>\n\t<meta property=\"og:image:height\" content=\"598\" \/>\n\t<meta property=\"og:image:type\" content=\"image\/webp\" \/>\n<meta name=\"twitter:card\" content=\"summary_large_image\" \/>\n<meta name=\"twitter:label1\" content=\"Est. reading time\" \/>\n\t<meta name=\"twitter:data1\" content=\"3 minutes\" \/>\n<script type=\"application\/ld+json\" class=\"yoast-schema-graph\">{\"@context\":\"https:\/\/schema.org\",\"@graph\":[{\"@type\":\"WebPage\",\"@id\":\"https:\/\/melbet-pickem.lat\/es\/conditions-and-rules\/\",\"url\":\"https:\/\/melbet-pickem.lat\/es\/conditions-and-rules\/\",\"name\":\"Condiciones y normas - MelBet Pick&#039;em\",\"isPartOf\":{\"@id\":\"https:\/\/melbet-pickem.lat\/es\/#website\"},\"primaryImageOfPage\":{\"@id\":\"https:\/\/melbet-pickem.lat\/es\/conditions-and-rules\/#primaryimage\"},\"image\":{\"@id\":\"https:\/\/melbet-pickem.lat\/es\/conditions-and-rules\/#primaryimage\"},\"thumbnailUrl\":\"https:\/\/melbet-pickem.lat\/wp-content\/uploads\/2024\/10\/c-r.webp\",\"datePublished\":\"2024-08-29T17:25:06+00:00\",\"dateModified\":\"2024-11-26T14:01:24+00:00\",\"description\":\"Lee los t\u00e9rminos de uso para conocer las reglas y obligaciones relacionadas con tu acceso y uso de nuestro recurso.\",\"breadcrumb\":{\"@id\":\"https:\/\/melbet-pickem.lat\/es\/conditions-and-rules\/#breadcrumb\"},\"inLanguage\":\"es\",\"potentialAction\":[{\"@type\":\"ReadAction\",\"target\":[\"https:\/\/melbet-pickem.lat\/es\/conditions-and-rules\/\"]}]},{\"@type\":\"ImageObject\",\"inLanguage\":\"es\",\"@id\":\"https:\/\/melbet-pickem.lat\/es\/conditions-and-rules\/#primaryimage\",\"url\":\"https:\/\/melbet-pickem.lat\/wp-content\/uploads\/2024\/10\/c-r.webp\",\"contentUrl\":\"https:\/\/melbet-pickem.lat\/wp-content\/uploads\/2024\/10\/c-r.webp\",\"width\":1440,\"height\":598},{\"@type\":\"BreadcrumbList\",\"@id\":\"https:\/\/melbet-pickem.lat\/es\/conditions-and-rules\/#breadcrumb\",\"itemListElement\":[{\"@type\":\"ListItem\",\"position\":1,\"name\":\"Home\",\"item\":\"https:\/\/melbet-pickem.lat\/es\/\"},{\"@type\":\"ListItem\",\"position\":2,\"name\":\"Condiciones y normas\"}]},{\"@type\":\"WebSite\",\"@id\":\"https:\/\/melbet-pickem.lat\/es\/#website\",\"url\":\"https:\/\/melbet-pickem.lat\/es\/\",\"name\":\"melbet-pickem.lat\",\"description\":\"\",\"potentialAction\":[{\"@type\":\"SearchAction\",\"target\":{\"@type\":\"EntryPoint\",\"urlTemplate\":\"https:\/\/melbet-pickem.lat\/es\/?s={search_term_string}\"},\"query-input\":\"required name=search_term_string\"}],\"inLanguage\":\"es\"}]}<\/script>\n<!-- \/ Yoast SEO plugin. -->","yoast_head_json":{"title":"Condiciones y normas - MelBet Pick&#039;em","description":"Lee los t\u00e9rminos de uso para conocer las reglas y obligaciones relacionadas con tu acceso y uso de nuestro recurso.","robots":{"index":"index","follow":"follow","max-snippet":"max-snippet:-1","max-image-preview":"max-image-preview:large","max-video-preview":"max-video-preview:-1"},"canonical":"https:\/\/melbet-pickem.lat\/es\/conditions-and-rules\/","og_locale":"es_ES","og_type":"article","og_title":"Condiciones y normas - MelBet Pick&#039;em","og_description":"Lee los t\u00e9rminos de uso para conocer las reglas y obligaciones relacionadas con tu acceso y uso de nuestro recurso.","og_url":"https:\/\/melbet-pickem.lat\/es\/conditions-and-rules\/","og_site_name":"MelBet Pick&#039;em","article_modified_time":"2024-11-26T14:01:24+00:00","og_image":[{"width":1440,"height":598,"url":"https:\/\/melbet-pickem.lat\/wp-content\/uploads\/2024\/10\/c-r.webp","type":"image\/webp"}],"twitter_card":"summary_large_image","twitter_misc":{"Est. reading time":"3 minutes"},"schema":{"@context":"https:\/\/schema.org","@graph":[{"@type":"WebPage","@id":"https:\/\/melbet-pickem.lat\/es\/conditions-and-rules\/","url":"https:\/\/melbet-pickem.lat\/es\/conditions-and-rules\/","name":"Condiciones y normas - MelBet Pick&#039;em","isPartOf":{"@id":"https:\/\/melbet-pickem.lat\/es\/#website"},"primaryImageOfPage":{"@id":"https:\/\/melbet-pickem.lat\/es\/conditions-and-rules\/#primaryimage"},"image":{"@id":"https:\/\/melbet-pickem.lat\/es\/conditions-and-rules\/#primaryimage"},"thumbnailUrl":"https:\/\/melbet-pickem.lat\/wp-content\/uploads\/2024\/10\/c-r.webp","datePublished":"2024-08-29T17:25:06+00:00","dateModified":"2024-11-26T14:01:24+00:00","description":"Lee los t\u00e9rminos de uso para conocer las reglas y obligaciones relacionadas con tu acceso y uso de nuestro recurso.","breadcrumb":{"@id":"https:\/\/melbet-pickem.lat\/es\/conditions-and-rules\/#breadcrumb"},"inLanguage":"es","potentialAction":[{"@type":"ReadAction","target":["https:\/\/melbet-pickem.lat\/es\/conditions-and-rules\/"]}]},{"@type":"ImageObject","inLanguage":"es","@id":"https:\/\/melbet-pickem.lat\/es\/conditions-and-rules\/#primaryimage","url":"https:\/\/melbet-pickem.lat\/wp-content\/uploads\/2024\/10\/c-r.webp","contentUrl":"https:\/\/melbet-pickem.lat\/wp-content\/uploads\/2024\/10\/c-r.webp","width":1440,"height":598},{"@type":"BreadcrumbList","@id":"https:\/\/melbet-pickem.lat\/es\/conditions-and-rules\/#breadcrumb","itemListElement":[{"@type":"ListItem","position":1,"name":"Home","item":"https:\/\/melbet-pickem.lat\/es\/"},{"@type":"ListItem","position":2,"name":"Condiciones y normas"}]},{"@type":"WebSite","@id":"https:\/\/melbet-pickem.lat\/es\/#website","url":"https:\/\/melbet-pickem.lat\/es\/","name":"melbet-pickem.lat","description":"","potentialAction":[{"@type":"SearchAction","target":{"@type":"EntryPoint","urlTemplate":"https:\/\/melbet-pickem.lat\/es\/?s={search_term_string}"},"query-input":"required name=search_term_string"}],"inLanguage":"es"}]}},"_links":{"self":[{"href":"https:\/\/melbet-pickem.lat\/es\/wp-json\/wp\/v2\/pages\/873","targetHints":{"allow":["GET"]}}],"collection":[{"href":"https:\/\/melbet-pickem.lat\/es\/wp-json\/wp\/v2\/pages"}],"about":[{"href":"https:\/\/melbet-pickem.lat\/es\/wp-json\/wp\/v2\/types\/page"}],"author":[{"embeddable":true,"href":"https:\/\/melbet-pickem.lat\/es\/wp-json\/wp\/v2\/users\/1"}],"replies":[{"embeddable":true,"href":"https:\/\/melbet-pickem.lat\/es\/wp-json\/wp\/v2\/comments?post=873"}],"version-history":[{"count":8,"href":"https:\/\/melbet-pickem.lat\/es\/wp-json\/wp\/v2\/pages\/873\/revisions"}],"predecessor-version":[{"id":1185,"href":"https:\/\/melbet-pickem.lat\/es\/wp-json\/wp\/v2\/pages\/873\/revisions\/1185"}],"wp:featuredmedia":[{"embeddable":true,"href":"https:\/\/melbet-pickem.lat\/es\/wp-json\/wp\/v2\/media\/1027"}],"wp:attachment":[{"href":"https:\/\/melbet-pickem.lat\/es\/wp-json\/wp\/v2\/media?parent=873"}],"curies":[{"name":"wp","href":"https:\/\/api.w.org\/{rel}","templated":true}]}}